{"id":9,"date":"2013-08-16T10:50:40","date_gmt":"2013-08-16T08:50:40","guid":{"rendered":"http:\/\/www.munich-relocation.de\/de\/?page_id=9"},"modified":"2013-10-07T16:16:52","modified_gmt":"2013-10-07T14:16:52","slug":"service-relocation","status":"publish","type":"page","link":"https:\/\/www.munich-relocation.de\/de\/service-relocation\/","title":{"rendered":"Unser Service"},"content":{"rendered":"<div id=\"headline\">\n<div class=\"linie\"><\/div>\n<h1>Unser Relocation-Service<\/h1>\n<\/div>\n<div class=\"teaser\">Erhalten Sie einen Einblick in unsere Service-Angebote:<\/div>\n<div class=\"group\">\n<h3>Ein neues Zuhause finden<\/h3>\n<ul class=\"service\">\n<li>Bei der Suche nach Ihrer neuen Immobilie sind wir Ihr zuverl\u00e4ssiger Partner \u2013 von der Auswahl geeigneter Immobilien bis hin zur Schl\u00fcssel\u00fcbergabe.<\/li>\n<\/ul>\n<h3>Professionelle Unterst\u00fctzung bei Beh\u00f6rdeng\u00e4ngen in Deutschland<\/h3>\n<ul class=\"service\">\n<li>Wir gehen mit Ihnen alle notwendigen Wege, von der Registrierung beim Einwohnermeldeamt bis zur Erlangung der entsprechenden Arbeits- \/ Aufenthaltserlaubnis.<\/li>\n<li>Einreisevisa und Visa f\u00fcr andere Staaten sind ebenfalls Teil unseres Angebots.<\/li>\n<\/ul>\n<h3>Umfangreiches Orientierungsprogramm<\/h3>\n<ul class=\"service\">\n<li>Wir helfen Ihnen, sich in der neuen Umgebung zu orientieren, die europ\u00e4ischen Gewohnheiten und die bayrischen Braucht\u00fcmer kennenzulernen.<\/li>\n<\/ul>\n<h3>Unterst\u00fctzung von Familien mit Kindern<\/h3>\n<ul class=\"service\">\n<li>Wir finden den passenden Kindergarten bzw. die richtige Schule f\u00fcr Ihre Kinder und stehen Ihnen bei den Besichtigungen und Einschreibungen pers\u00f6nlich zur Seite.<\/li>\n<\/ul>\n<h3>Unterst\u00fctzung f\u00fcr die ganze Firma<\/h3>\n<ul class=\"service\">\n<li>Falls Sie planen, mit der ganzen Firma nach M\u00fcnchen umzuziehen oder eine Niederlassung zu er\u00f6ffnen, sind wir Ihr kompetenter Ansprechpartner.<\/li>\n<\/ul>\n<\/div>\n<p>Selbstverst\u00e4ndlich k\u00f6nnen unsere Service-Angebote individuell nach Ihren W\u00fcnschen angepasst werden. M\u00f6chten Sie dazu weitere Informationen erhalten, <a title=\"Kontaktieren Sie uns\" href=\"http:\/\/www.munich-relocation.de\/de\/ansprechpartner-kontakt-relocation\/\">kontaktieren Sie uns<\/a>.<\/p>\n","protected":false},"excerpt":{"rendered":"<p>Unser Relocation-Service Erhalten Sie einen Einblick in unsere Service-Angebote: Ein neues Zuhause finden Bei der Suche nach Ihrer neuen Immobilie sind wir Ihr zuverl\u00e4ssiger Partner \u2013 von der Auswahl geeigneter Immobilien bis hin zur Schl\u00fcssel\u00fcbergabe. Professionelle Unterst\u00fctzung bei Beh\u00f6rdeng\u00e4ngen in Deutschland Wir gehen mit Ihnen alle notwendigen Wege, von der Registrierung beim Einwohnermeldeamt bis zur [&hellip;]<\/p>\n","protected":false},"author":1,"featured_media":0,"parent":0,"menu_order":2,"comment_status":"open","ping_status":"open","template":"","meta":{"footnotes":""},"class_list":["post-9","page","type-page","status-publish","hentry"],"yoast_head":"<!-- This site is optimized with the Yoast SEO plugin v23.3 - https:\/\/yoast.com\/wordpress\/plugins\/seo\/ -->\n<title>Individueller Relocation Service in M\u00fcnchen<\/title>\n<meta name=\"description\" content=\"Unser Relocation Service umfasst umfangreiche Angebote, die selbstverst\u00e4ndlich individuell nach Ihren W\u00fcnschen angepasst werden k\u00f6nnen.\" \/>\n<meta name=\"robots\" content=\"index, follow, max-snippet:-1, max-image-preview:large, max-video-preview:-1\" \/>\n<link rel=\"canonical\" href=\"https:\/\/www.munich-relocation.de\/de\/service-relocation\/\" \/>\n<meta name=\"twitter:card\" content=\"summary_large_image\" \/>\n<meta name=\"twitter:title\" content=\"Individueller Relocation Service in M\u00fcnchen\" \/>\n<meta name=\"twitter:description\" content=\"Unser Relocation Service umfasst umfangreiche Angebote, die selbstverst\u00e4ndlich individuell nach Ihren W\u00fcnschen angepasst werden k\u00f6nnen.\" \/>\n<meta name=\"twitter:label1\" content=\"Gesch\u00e4tzte Lesezeit\" \/>\n\t<meta name=\"twitter:data1\" content=\"1\u00a0Minute\" \/>\n<script type=\"application\/ld+json\" class=\"yoast-schema-graph\">{\"@context\":\"https:\/\/schema.org\",\"@graph\":[{\"@type\":\"WebPage\",\"@id\":\"https:\/\/www.munich-relocation.de\/de\/service-relocation\/\",\"url\":\"https:\/\/www.munich-relocation.de\/de\/service-relocation\/\",\"name\":\"Individueller Relocation Service in M\u00fcnchen\",\"isPartOf\":{\"@id\":\"https:\/\/www.munich-relocation.de\/de\/#website\"},\"datePublished\":\"2013-08-16T08:50:40+00:00\",\"dateModified\":\"2013-10-07T14:16:52+00:00\",\"description\":\"Unser Relocation Service umfasst umfangreiche Angebote, die selbstverst\u00e4ndlich individuell nach Ihren W\u00fcnschen angepasst werden k\u00f6nnen.\",\"breadcrumb\":{\"@id\":\"https:\/\/www.munich-relocation.de\/de\/service-relocation\/#breadcrumb\"},\"inLanguage\":\"de\",\"potentialAction\":[{\"@type\":\"ReadAction\",\"target\":[\"https:\/\/www.munich-relocation.de\/de\/service-relocation\/\"]}]},{\"@type\":\"BreadcrumbList\",\"@id\":\"https:\/\/www.munich-relocation.de\/de\/service-relocation\/#breadcrumb\",\"itemListElement\":[{\"@type\":\"ListItem\",\"position\":1,\"name\":\"Home\",\"item\":\"https:\/\/www.munich-relocation.de\/de\/\"},{\"@type\":\"ListItem\",\"position\":2,\"name\":\"Unser Service\"}]},{\"@type\":\"WebSite\",\"@id\":\"https:\/\/www.munich-relocation.de\/de\/#website\",\"url\":\"https:\/\/www.munich-relocation.de\/de\/\",\"name\":\"Umzug nach M\u00fcnchen - Munich Relocation ist Ihr Ansprechpartner\",\"description\":\"Wir gestalten Ihren Start in M\u00fcnchen ganz individuell und f\u00fcr Sie so angenehm wie m\u00f6glich.\",\"potentialAction\":[{\"@type\":\"SearchAction\",\"target\":{\"@type\":\"EntryPoint\",\"urlTemplate\":\"https:\/\/www.munich-relocation.de\/de\/?s={search_term_string}\"},\"query-input\":\"required name=search_term_string\"}],\"inLanguage\":\"de\"}]}<\/script>\n<!-- \/ Yoast SEO plugin. -->","yoast_head_json":{"title":"Individueller Relocation Service in M\u00fcnchen","description":"Unser Relocation Service umfasst umfangreiche Angebote, die selbstverst\u00e4ndlich individuell nach Ihren W\u00fcnschen angepasst werden k\u00f6nnen.","robots":{"index":"index","follow":"follow","max-snippet":"max-snippet:-1","max-image-preview":"max-image-preview:large","max-video-preview":"max-video-preview:-1"},"canonical":"https:\/\/www.munich-relocation.de\/de\/service-relocation\/","twitter_card":"summary_large_image","twitter_title":"Individueller Relocation Service in M\u00fcnchen","twitter_description":"Unser Relocation Service umfasst umfangreiche Angebote, die selbstverst\u00e4ndlich individuell nach Ihren W\u00fcnschen angepasst werden k\u00f6nnen.","twitter_misc":{"Gesch\u00e4tzte Lesezeit":"1\u00a0Minute"},"schema":{"@context":"https:\/\/schema.org","@graph":[{"@type":"WebPage","@id":"https:\/\/www.munich-relocation.de\/de\/service-relocation\/","url":"https:\/\/www.munich-relocation.de\/de\/service-relocation\/","name":"Individueller Relocation Service in M\u00fcnchen","isPartOf":{"@id":"https:\/\/www.munich-relocation.de\/de\/#website"},"datePublished":"2013-08-16T08:50:40+00:00","dateModified":"2013-10-07T14:16:52+00:00","description":"Unser Relocation Service umfasst umfangreiche Angebote, die selbstverst\u00e4ndlich individuell nach Ihren W\u00fcnschen angepasst werden k\u00f6nnen.","breadcrumb":{"@id":"https:\/\/www.munich-relocation.de\/de\/service-relocation\/#breadcrumb"},"inLanguage":"de","potentialAction":[{"@type":"ReadAction","target":["https:\/\/www.munich-relocation.de\/de\/service-relocation\/"]}]},{"@type":"BreadcrumbList","@id":"https:\/\/www.munich-relocation.de\/de\/service-relocation\/#breadcrumb","itemListElement":[{"@type":"ListItem","position":1,"name":"Home","item":"https:\/\/www.munich-relocation.de\/de\/"},{"@type":"ListItem","position":2,"name":"Unser Service"}]},{"@type":"WebSite","@id":"https:\/\/www.munich-relocation.de\/de\/#website","url":"https:\/\/www.munich-relocation.de\/de\/","name":"Umzug nach M\u00fcnchen - Munich Relocation ist Ihr Ansprechpartner","description":"Wir gestalten Ihren Start in M\u00fcnchen ganz individuell und f\u00fcr Sie so angenehm wie m\u00f6glich.","potentialAction":[{"@type":"SearchAction","target":{"@type":"EntryPoint","urlTemplate":"https:\/\/www.munich-relocation.de\/de\/?s={search_term_string}"},"query-input":"required name=search_term_string"}],"inLanguage":"de"}]}},"_links":{"self":[{"href":"https:\/\/www.munich-relocation.de\/de\/wp-json\/wp\/v2\/pages\/9"}],"collection":[{"href":"https:\/\/www.munich-relocation.de\/de\/wp-json\/wp\/v2\/pages"}],"about":[{"href":"https:\/\/www.munich-relocation.de\/de\/wp-json\/wp\/v2\/types\/page"}],"author":[{"embeddable":true,"href":"https:\/\/www.munich-relocation.de\/de\/wp-json\/wp\/v2\/users\/1"}],"replies":[{"embeddable":true,"href":"https:\/\/www.munich-relocation.de\/de\/wp-json\/wp\/v2\/comments?post=9"}],"version-history":[{"count":5,"href":"https:\/\/www.munich-relocation.de\/de\/wp-json\/wp\/v2\/pages\/9\/revisions"}],"predecessor-version":[{"id":106,"href":"https:\/\/www.munich-relocation.de\/de\/wp-json\/wp\/v2\/pages\/9\/revisions\/106"}],"wp:attachment":[{"href":"https:\/\/www.munich-relocation.de\/de\/wp-json\/wp\/v2\/media?parent=9"}],"curies":[{"name":"wp","href":"https:\/\/api.w.org\/{rel}","templated":true}]}}