{"id":8,"date":"2013-08-16T10:50:24","date_gmt":"2013-08-16T08:50:24","guid":{"rendered":"http:\/\/www.munich-relocation.de\/de\/?page_id=7"},"modified":"2025-09-01T09:33:37","modified_gmt":"2025-09-01T07:33:37","slug":"ansprechpartner-kontakt-relocation","status":"publish","type":"page","link":"https:\/\/www.munich-relocation.de\/de\/ansprechpartner-kontakt-relocation\/","title":{"rendered":"Kontaktieren Sie uns"},"content":{"rendered":"<div id=\"headline\">\n<div class=\"linie\"><\/div>\n<h1>Kontaktieren Sie uns<\/h1>\n<\/div>\n<div class=\"teaser\">Wir unterst\u00fctzen Sie in allen Angelegenheiten, die Ihren Umzug nach M\u00fcnchen und Ihre weiteren Ziele betreffen.<\/div>\n<div class=\"group\">\n<div class=\"linke-spalte\">\n<h3>Kontaktformular<\/h3>\n<div class='fluentform ff-default fluentform_wrapper_2 ffs_default_wrap'><form data-form_id=\"2\" id=\"fluentform_2\" class=\"frm-fluent-form fluent_form_2 ff-el-form-top ff_form_instance_2_1 ff-form-loading ffs_default\" data-form_instance=\"ff_form_instance_2_1\" method=\"POST\" ><fieldset  style=\"border: none!important;margin: 0!important;padding: 0!important;background-color: transparent!important;box-shadow: none!important;outline: none!important; min-inline-size: 100%;\">\n                    <legend class=\"ff_screen_reader_title\" style=\"display: block; margin: 0!important;padding: 0!important;height: 0!important;text-indent: -999999px;width: 0!important;overflow:hidden;\">Kontaktformular<\/legend><input type='hidden' name='__fluent_form_embded_post_id' value='8' \/><input type=\"hidden\" id=\"_fluentform_2_fluentformnonce\" name=\"_fluentform_2_fluentformnonce\" value=\"d670881b68\" \/><input type=\"hidden\" name=\"_wp_http_referer\" value=\"\/de\/wp-json\/wp\/v2\/pages\/8\" \/><div class='ff-el-group  ff-custom_html' data-name=\"custom_html-2_1\" ><p>Um das Kontaktformular nutzen zu k\u00f6nnen, akzeptieren Sie bitte die Verwendung von reCaptcha V3 im Cookie-Consent-Banner.<\/p><\/div><div data-type=\"name-element\" data-name=\"names\" class=\" ff-field_container ff-name-field-wrapper\" ><div class='ff-t-container'><div class='ff-t-cell '><div class='ff-el-group'><div class=\"ff-el-input--label asterisk-right\"><label for='ff_2_names_first_name_' aria-label=\"Vorname\">Vorname<\/label><\/div><div class='ff-el-input--content'><input type=\"text\" name=\"names[first_name]\" id=\"ff_2_names_first_name_\" class=\"ff-el-form-control\" placeholder=\"Vorname\" aria-invalid=\"false\" aria-required=false><\/div><\/div><\/div><div class='ff-t-cell '><div class='ff-el-group'><div class=\"ff-el-input--label asterisk-right\"><label for='ff_2_names_last_name_' aria-label=\"Nachname\">Nachname<\/label><\/div><div class='ff-el-input--content'><input type=\"text\" name=\"names[last_name]\" id=\"ff_2_names_last_name_\" class=\"ff-el-form-control\" placeholder=\"Nachname\" aria-invalid=\"false\" aria-required=false><\/div><\/div><\/div><\/div><\/div><div class='ff-el-group'><div class=\"ff-el-input--label ff-el-is-required asterisk-right\"><label for='ff_2_email' aria-label=\"Email\">Email<\/label><\/div><div class='ff-el-input--content'><input type=\"email\" name=\"email\" id=\"ff_2_email\" class=\"ff-el-form-control\" placeholder=\"Email Addresse\" data-name=\"email\"  aria-invalid=\"false\" aria-required=true><\/div><\/div><div class='ff-el-group'><div class=\"ff-el-input--label asterisk-right\"><label for='ff_2_input_text' aria-label=\"Telefonnummer\">Telefonnummer<\/label><\/div><div class='ff-el-input--content'><input type=\"text\" name=\"input_text\" class=\"ff-el-form-control\" placeholder=\"Telefonnummer\" data-name=\"input_text\" id=\"ff_2_input_text\"  aria-invalid=\"false\" aria-required=false><\/div><\/div><div class='ff-el-group'><div class=\"ff-el-input--label asterisk-right\"><label for='ff_2_subject' aria-label=\"Betreff\">Betreff<\/label><\/div><div class='ff-el-input--content'><input type=\"text\" name=\"subject\" class=\"ff-el-form-control\" placeholder=\"Betreff\" data-name=\"subject\" id=\"ff_2_subject\"  aria-invalid=\"false\" aria-required=false><\/div><\/div><div class='ff-el-group'><div class=\"ff-el-input--label ff-el-is-required asterisk-right\"><label for='ff_2_message' aria-label=\"Ihre Nachricht\">Ihre Nachricht<\/label><\/div><div class='ff-el-input--content'><textarea aria-invalid=\"false\" aria-required=true name=\"message\" id=\"ff_2_message\" class=\"ff-el-form-control\" placeholder=\"Ihre Nachricht\" rows=\"4\" cols=\"2\" data-name=\"message\" ><\/textarea><\/div><\/div><div class='ff-el-group    ff-el-input--content'><div class='ff-el-form-check ff-el-tc'><label aria-label='terms & conditions' class='ff-el-form-check-label ff_tc_label' for=gdpr-agreement_9b95ba0e4c87947f36a9aab5bef55229><span class='ff_tc_checkbox'><input type=\"checkbox\" name=\"gdpr-agreement\" class=\"ff-el-form-check-input ff_gdpr_field\" data-name=\"gdpr-agreement\" id=\"gdpr-agreement_9b95ba0e4c87947f36a9aab5bef55229\"  value='on' aria-invalid='false' aria-required=true><\/span> <div class='ff_t_c'>Ich habe die <a href=\"https:\/\/www.munich-relocation.de\/de\/datenschutz\/\" target=\"_blank\" rel=\"noopener\">Datenschutzerkl\u00e4rung<\/a> zur Kenntnis genommen. Ich stimme zu, dass meine Angaben und Daten zur Beantwortung meiner Anfrage elektronisch erhoben und gespeichert werden. (Hinweis: Sie k\u00f6nnen Ihre Einwilligung jederzeit f\u00fcr die Zukunft per E-Mail an info@munich-relocation.de widerrufen.)<\/div><\/label><\/div><\/div><div class='ff-el-group ' ><div class='ff-el-input--content'><div data-fluent_id='2' name='g-recaptcha-response'><div\n\t\tdata-sitekey='6Ld-dzUqAAAAANCz4tpONcWb4GagHZ8qv8rSAUvy'\n\t\tid='fluentform-recaptcha-2-1'\n\t\tclass='ff-el-recaptcha g-recaptcha'\n\t\tdata-callback='fluentFormrecaptchaSuccessCallback'><\/div><\/div><\/div><\/div><div class='ff-el-group ff-text-left ff_submit_btn_wrapper'><button type=\"submit\" class=\"ff-btn ff-btn-submit ff-btn-md ff_btn_style\" >Send<\/button><\/div><\/fieldset><\/form><div id='fluentform_2_errors' class='ff-errors-in-stack ff_form_instance_2_1 ff-form-loading_errors ff_form_instance_2_1_errors'><\/div><\/div>        <script type=\"text\/javascript\">\n            window.fluent_form_ff_form_instance_2_1 = {\"id\":\"2\",\"settings\":{\"layout\":{\"labelPlacement\":\"top\",\"helpMessagePlacement\":\"with_label\",\"errorMessagePlacement\":\"inline\",\"cssClassName\":\"\",\"asteriskPlacement\":\"asterisk-right\"},\"restrictions\":{\"denyEmptySubmission\":{\"enabled\":false}}},\"form_instance\":\"ff_form_instance_2_1\",\"form_id_selector\":\"fluentform_2\",\"rules\":{\"names[first_name]\":{\"required\":{\"value\":false,\"message\":\"Dieses Feld ist erforderlich\",\"global\":true,\"global_message\":\"Dieses Feld ist erforderlich\"}},\"names[middle_name]\":{\"required\":{\"value\":false,\"message\":\"Dieses Feld ist erforderlich\",\"global\":true,\"global_message\":\"Dieses Feld ist erforderlich\"}},\"names[last_name]\":{\"required\":{\"value\":false,\"message\":\"Dieses Feld ist erforderlich\",\"global\":true,\"global_message\":\"Dieses Feld ist erforderlich\"}},\"email\":{\"required\":{\"value\":true,\"message\":\"Dieses Feld ist erforderlich\",\"global\":true,\"global_message\":\"Dieses Feld ist erforderlich\"},\"email\":{\"value\":true,\"message\":\"Dieses Feld muss eine g\\u00fcltige E-Mail-Adresse enthalten\",\"global\":true,\"global_message\":\"Dieses Feld muss eine g\\u00fcltige E-Mail-Adresse enthalten\"}},\"input_text\":{\"required\":{\"value\":false,\"message\":\"Dieses Feld ist erforderlich\",\"global_message\":\"Dieses Feld ist erforderlich\",\"global\":true}},\"subject\":{\"required\":{\"value\":false,\"message\":\"Dieses Feld ist erforderlich\",\"global\":true,\"global_message\":\"Dieses Feld ist erforderlich\"}},\"message\":{\"required\":{\"value\":true,\"message\":\"Dieses Feld ist erforderlich\",\"global\":true,\"global_message\":\"Dieses Feld ist erforderlich\"}},\"gdpr-agreement\":{\"required\":{\"value\":true,\"message\":\"Dieses Feld ist erforderlich\",\"global_message\":\"Dieses Feld ist erforderlich\",\"global\":true}},\"g-recaptcha-response\":[]}};\n                    <\/script>\n        \n<\/div>\n<div class=\"rechte-spalte\">\n<div class=\"info\">\n<h3>Ihr Relocation Ansprechpartner<\/h3>\n<p>Petra Strohal<br \/>\nHolzstr. 23<br \/>\n82041 Oberhaching<\/p>\n<p>&nbsp;<\/p>\n<table cellspacing=\"0\" cellpadding=\"0\">\n<tbody>\n<tr valign=\"top\">\n<td>Mobil:<\/td>\n<td>0160 902 452 76<\/td>\n<\/tr>\n<tr valign=\"top\">\n<td>Fax:<\/td>\n<td>0049 &#8211; (0)89 &#8211; 614 656 41<\/td>\n<\/tr>\n<tr valign=\"top\">\n<td>E-Mail:<\/td>\n<td><a href=\"mailto:info@munich-relocation.de\">info@munich-relocation.de<\/a><\/td>\n<\/tr>\n<\/tbody>\n<\/table>\n<\/div>\n<div class=\"bild\"><img loading=\"lazy\" decoding=\"async\" class=\"alignnone size-full wp-image-102\" alt=\"Bild von Petra Strohal\" src=\"https:\/\/www.munich-relocation.de\/de\/wp-content\/uploads\/sites\/2\/2013\/08\/petra_strohal2.jpg\" width=\"124\" height=\"179\" \/><\/div>\n<\/div>\n<\/div>\n","protected":false},"excerpt":{"rendered":"<p>Kontaktieren Sie uns Wir unterst\u00fctzen Sie in allen Angelegenheiten, die Ihren Umzug nach M\u00fcnchen und Ihre weiteren Ziele betreffen. Kontaktformular Ihr Relocation Ansprechpartner Petra Strohal Holzstr. 23 82041 Oberhaching &nbsp; Mobil: 0160 902 452 76 Fax: 0049 &#8211; (0)89 &#8211; 614 656 41 E-Mail: info@munich-relocation.de<\/p>\n","protected":false},"author":1,"featured_media":0,"parent":0,"menu_order":1,"comment_status":"open","ping_status":"open","template":"","meta":{"footnotes":""},"class_list":["post-8","page","type-page","status-publish","hentry"],"yoast_head":"<!-- This site is optimized with the Yoast SEO plugin v23.3 - https:\/\/yoast.com\/wordpress\/plugins\/seo\/ -->\n<title>Kontaktieren Sie direkt Ihren Relocation Ansprechpartner in M\u00fcnchen<\/title>\n<meta name=\"description\" content=\"Kontaktieren Sie uns, wenn Sie Ihren Standortwechsel nach M\u00fcnchen planen und auf der Suche nach kompetenter Unterst\u00fctzung sind.\" \/>\n<meta name=\"robots\" content=\"index, follow, max-snippet:-1, max-image-preview:large, max-video-preview:-1\" \/>\n<link rel=\"canonical\" href=\"https:\/\/www.munich-relocation.de\/de\/ansprechpartner-kontakt-relocation\/\" \/>\n<meta name=\"twitter:card\" content=\"summary_large_image\" \/>\n<meta name=\"twitter:title\" content=\"Kontaktieren Sie direkt Ihren Relocation Ansprechpartner in M\u00fcnchen\" \/>\n<meta name=\"twitter:description\" content=\"Kontaktieren Sie uns, wenn Sie Ihren Standortwechsel nach M\u00fcnchen planen und auf der Suche nach kompetenter Unterst\u00fctzung sind.\" \/>\n<meta name=\"twitter:image\" content=\"https:\/\/www.munich-relocation.de\/de\/wp-content\/uploads\/sites\/2\/2013\/08\/petra_strohal2.jpg\" \/>\n<meta name=\"twitter:label1\" content=\"Gesch\u00e4tzte Lesezeit\" \/>\n\t<meta name=\"twitter:data1\" content=\"1\u00a0Minute\" \/>\n<script type=\"application\/ld+json\" class=\"yoast-schema-graph\">{\"@context\":\"https:\/\/schema.org\",\"@graph\":[{\"@type\":\"WebPage\",\"@id\":\"https:\/\/www.munich-relocation.de\/de\/ansprechpartner-kontakt-relocation\/\",\"url\":\"https:\/\/www.munich-relocation.de\/de\/ansprechpartner-kontakt-relocation\/\",\"name\":\"Kontaktieren Sie direkt Ihren Relocation Ansprechpartner in M\u00fcnchen\",\"isPartOf\":{\"@id\":\"https:\/\/www.munich-relocation.de\/de\/#website\"},\"primaryImageOfPage\":{\"@id\":\"https:\/\/www.munich-relocation.de\/de\/ansprechpartner-kontakt-relocation\/#primaryimage\"},\"image\":{\"@id\":\"https:\/\/www.munich-relocation.de\/de\/ansprechpartner-kontakt-relocation\/#primaryimage\"},\"thumbnailUrl\":\"https:\/\/www.munich-relocation.de\/de\/wp-content\/uploads\/sites\/2\/2013\/08\/petra_strohal2.jpg\",\"datePublished\":\"2013-08-16T08:50:24+00:00\",\"dateModified\":\"2025-09-01T07:33:37+00:00\",\"description\":\"Kontaktieren Sie uns, wenn Sie Ihren Standortwechsel nach M\u00fcnchen planen und auf der Suche nach kompetenter Unterst\u00fctzung sind.\",\"breadcrumb\":{\"@id\":\"https:\/\/www.munich-relocation.de\/de\/ansprechpartner-kontakt-relocation\/#breadcrumb\"},\"inLanguage\":\"de\",\"potentialAction\":[{\"@type\":\"ReadAction\",\"target\":[\"https:\/\/www.munich-relocation.de\/de\/ansprechpartner-kontakt-relocation\/\"]}]},{\"@type\":\"ImageObject\",\"inLanguage\":\"de\",\"@id\":\"https:\/\/www.munich-relocation.de\/de\/ansprechpartner-kontakt-relocation\/#primaryimage\",\"url\":\"https:\/\/www.munich-relocation.de\/de\/wp-content\/uploads\/sites\/2\/2013\/08\/petra_strohal2.jpg\",\"contentUrl\":\"https:\/\/www.munich-relocation.de\/de\/wp-content\/uploads\/sites\/2\/2013\/08\/petra_strohal2.jpg\",\"width\":198,\"height\":285,\"caption\":\"Bild von Petra Strohal\"},{\"@type\":\"BreadcrumbList\",\"@id\":\"https:\/\/www.munich-relocation.de\/de\/ansprechpartner-kontakt-relocation\/#breadcrumb\",\"itemListElement\":[{\"@type\":\"ListItem\",\"position\":1,\"name\":\"Home\",\"item\":\"https:\/\/www.munich-relocation.de\/de\/\"},{\"@type\":\"ListItem\",\"position\":2,\"name\":\"Kontaktieren Sie uns\"}]},{\"@type\":\"WebSite\",\"@id\":\"https:\/\/www.munich-relocation.de\/de\/#website\",\"url\":\"https:\/\/www.munich-relocation.de\/de\/\",\"name\":\"Umzug nach M\u00fcnchen - Munich Relocation ist Ihr Ansprechpartner\",\"description\":\"Wir gestalten Ihren Start in M\u00fcnchen ganz individuell und f\u00fcr Sie so angenehm wie m\u00f6glich.\",\"potentialAction\":[{\"@type\":\"SearchAction\",\"target\":{\"@type\":\"EntryPoint\",\"urlTemplate\":\"https:\/\/www.munich-relocation.de\/de\/?s={search_term_string}\"},\"query-input\":\"required name=search_term_string\"}],\"inLanguage\":\"de\"}]}<\/script>\n<!-- \/ Yoast SEO plugin. -->","yoast_head_json":{"title":"Kontaktieren Sie direkt Ihren Relocation Ansprechpartner in M\u00fcnchen","description":"Kontaktieren Sie uns, wenn Sie Ihren Standortwechsel nach M\u00fcnchen planen und auf der Suche nach kompetenter Unterst\u00fctzung sind.","robots":{"index":"index","follow":"follow","max-snippet":"max-snippet:-1","max-image-preview":"max-image-preview:large","max-video-preview":"max-video-preview:-1"},"canonical":"https:\/\/www.munich-relocation.de\/de\/ansprechpartner-kontakt-relocation\/","twitter_card":"summary_large_image","twitter_title":"Kontaktieren Sie direkt Ihren Relocation Ansprechpartner in M\u00fcnchen","twitter_description":"Kontaktieren Sie uns, wenn Sie Ihren Standortwechsel nach M\u00fcnchen planen und auf der Suche nach kompetenter Unterst\u00fctzung sind.","twitter_image":"https:\/\/www.munich-relocation.de\/de\/wp-content\/uploads\/sites\/2\/2013\/08\/petra_strohal2.jpg","twitter_misc":{"Gesch\u00e4tzte Lesezeit":"1\u00a0Minute"},"schema":{"@context":"https:\/\/schema.org","@graph":[{"@type":"WebPage","@id":"https:\/\/www.munich-relocation.de\/de\/ansprechpartner-kontakt-relocation\/","url":"https:\/\/www.munich-relocation.de\/de\/ansprechpartner-kontakt-relocation\/","name":"Kontaktieren Sie direkt Ihren Relocation Ansprechpartner in M\u00fcnchen","isPartOf":{"@id":"https:\/\/www.munich-relocation.de\/de\/#website"},"primaryImageOfPage":{"@id":"https:\/\/www.munich-relocation.de\/de\/ansprechpartner-kontakt-relocation\/#primaryimage"},"image":{"@id":"https:\/\/www.munich-relocation.de\/de\/ansprechpartner-kontakt-relocation\/#primaryimage"},"thumbnailUrl":"https:\/\/www.munich-relocation.de\/de\/wp-content\/uploads\/sites\/2\/2013\/08\/petra_strohal2.jpg","datePublished":"2013-08-16T08:50:24+00:00","dateModified":"2025-09-01T07:33:37+00:00","description":"Kontaktieren Sie uns, wenn Sie Ihren Standortwechsel nach M\u00fcnchen planen und auf der Suche nach kompetenter Unterst\u00fctzung sind.","breadcrumb":{"@id":"https:\/\/www.munich-relocation.de\/de\/ansprechpartner-kontakt-relocation\/#breadcrumb"},"inLanguage":"de","potentialAction":[{"@type":"ReadAction","target":["https:\/\/www.munich-relocation.de\/de\/ansprechpartner-kontakt-relocation\/"]}]},{"@type":"ImageObject","inLanguage":"de","@id":"https:\/\/www.munich-relocation.de\/de\/ansprechpartner-kontakt-relocation\/#primaryimage","url":"https:\/\/www.munich-relocation.de\/de\/wp-content\/uploads\/sites\/2\/2013\/08\/petra_strohal2.jpg","contentUrl":"https:\/\/www.munich-relocation.de\/de\/wp-content\/uploads\/sites\/2\/2013\/08\/petra_strohal2.jpg","width":198,"height":285,"caption":"Bild von Petra Strohal"},{"@type":"BreadcrumbList","@id":"https:\/\/www.munich-relocation.de\/de\/ansprechpartner-kontakt-relocation\/#breadcrumb","itemListElement":[{"@type":"ListItem","position":1,"name":"Home","item":"https:\/\/www.munich-relocation.de\/de\/"},{"@type":"ListItem","position":2,"name":"Kontaktieren Sie uns"}]},{"@type":"WebSite","@id":"https:\/\/www.munich-relocation.de\/de\/#website","url":"https:\/\/www.munich-relocation.de\/de\/","name":"Umzug nach M\u00fcnchen - Munich Relocation ist Ihr Ansprechpartner","description":"Wir gestalten Ihren Start in M\u00fcnchen ganz individuell und f\u00fcr Sie so angenehm wie m\u00f6glich.","potentialAction":[{"@type":"SearchAction","target":{"@type":"EntryPoint","urlTemplate":"https:\/\/www.munich-relocation.de\/de\/?s={search_term_string}"},"query-input":"required name=search_term_string"}],"inLanguage":"de"}]}},"_links":{"self":[{"href":"https:\/\/www.munich-relocation.de\/de\/wp-json\/wp\/v2\/pages\/8"}],"collection":[{"href":"https:\/\/www.munich-relocation.de\/de\/wp-json\/wp\/v2\/pages"}],"about":[{"href":"https:\/\/www.munich-relocation.de\/de\/wp-json\/wp\/v2\/types\/page"}],"author":[{"embeddable":true,"href":"https:\/\/www.munich-relocation.de\/de\/wp-json\/wp\/v2\/users\/1"}],"replies":[{"embeddable":true,"href":"https:\/\/www.munich-relocation.de\/de\/wp-json\/wp\/v2\/comments?post=8"}],"version-history":[{"count":18,"href":"https:\/\/www.munich-relocation.de\/de\/wp-json\/wp\/v2\/pages\/8\/revisions"}],"predecessor-version":[{"id":186,"href":"https:\/\/www.munich-relocation.de\/de\/wp-json\/wp\/v2\/pages\/8\/revisions\/186"}],"wp:attachment":[{"href":"https:\/\/www.munich-relocation.de\/de\/wp-json\/wp\/v2\/media?parent=8"}],"curies":[{"name":"wp","href":"https:\/\/api.w.org\/{rel}","templated":true}]}}