{"id":6,"date":"2013-08-16T08:18:22","date_gmt":"2013-08-16T08:18:22","guid":{"rendered":"http:\/\/www.munich-relocation.de\/deutsch\/?page_id=2"},"modified":"2024-10-28T13:17:09","modified_gmt":"2024-10-28T11:17:09","slug":"beispiel-seite-2","status":"publish","type":"page","link":"https:\/\/www.munich-relocation.de\/de\/","title":{"rendered":"Startseite"},"content":{"rendered":"<div id=\"headline\">\n<div class=\"linie\"><\/div>\n<h1>Relocation M\u00fcnchen<\/h1>\n<\/div>\n<div class=\"teaser\">Wir sind Ihr zuverl\u00e4ssiger Partner in allen Belangen rund um Ihren Umzug nach M\u00fcnchen und gestalten den Start in M\u00fcnchen ganz individuell und f\u00fcr Sie so angenehm wie m\u00f6glich.<\/div>\n<div class=\"group\">\n<div class=\"box-big teaserbox-de\" style=\"margin-right: 7px;\">\n<div class=\"inside\">\n<h2><a title=\"Unser Relocation Service\" href=\"https:\/\/www.munich-relocation.de\/de\/service-relocation\/\">Unser Service<\/a><\/h2>\n<p>Komplette Relocation-Pakete oder individuell zusammengestellte Serviceleistungen.<\/p>\n<\/div>\n<\/div>\n<div class=\"box teaserbox-de\">\n<div class=\"inside\">\n<h2><a title=\"Ihre Relocation Vorteile\" href=\"https:\/\/www.munich-relocation.de\/de\/vorteile-standortwechsel-relocation\/\">Ihre Vorteile<\/a><\/h2>\n<p>Unterst\u00fctzung f\u00fcr Sie und Ihre Familie beim Neuanfang in M\u00fcnchen.<\/p>\n<\/div>\n<\/div>\n<div class=\"box-big teaserbox-de\">\n<div class=\"inside\">\n<h2><a title=\"Unsere St\u00e4rken\" href=\"https:\/\/www.munich-relocation.de\/de\/unsere-staerken\/\">Unsere St\u00e4rke<\/a><\/h2>\n<p>Umfangreiche jahrelange Erfahrung in der pers\u00f6nlichen Betreuung von Firmenkunden.<\/p>\n<\/div>\n<\/div>\n<\/div>\n<p>&nbsp;<\/p>\n<p>&nbsp;<\/p>\n<p>&nbsp;<\/p>\n<p>&nbsp;<\/p>\n<p>&nbsp;<\/p>\n<div style=\"text-align: center; width: 100%;\"><a href=\"https:\/\/www.redbullmuenchen.de\/de\/\" target=\"_blank\" rel=\"noopener\"><img loading=\"lazy\" decoding=\"async\" class=\"size-medium wp-image-201\" style=\"padding: 10px;\" src=\"http:\/\/www.munich-relocation.de\/wp-content\/uploads\/2024\/06\/ehc-redbull-muenchen-300x118.png\" alt=\"\" width=\"300\" height=\"118\" \/><\/a><\/div>\n","protected":false},"excerpt":{"rendered":"<p>Relocation M\u00fcnchen Wir sind Ihr zuverl\u00e4ssiger Partner in allen Belangen rund um Ihren Umzug nach M\u00fcnchen und gestalten den Start in M\u00fcnchen ganz individuell und f\u00fcr Sie so angenehm wie m\u00f6glich. Unser Service Komplette Relocation-Pakete oder individuell zusammengestellte Serviceleistungen. Ihre Vorteile Unterst\u00fctzung f\u00fcr Sie und Ihre Familie beim Neuanfang in M\u00fcnchen. Unsere St\u00e4rke Umfangreiche jahrelange [&hellip;]<\/p>\n","protected":false},"author":1,"featured_media":0,"parent":0,"menu_order":0,"comment_status":"open","ping_status":"open","template":"","meta":{"footnotes":""},"class_list":["post-6","page","type-page","status-publish","hentry"],"yoast_head":"<!-- This site is optimized with the Yoast SEO plugin v23.3 - https:\/\/yoast.com\/wordpress\/plugins\/seo\/ -->\n<title>Umzug nach M\u00fcnchen? Wir sind Ihr Relocation-Ansprechpartner.<\/title>\n<meta name=\"description\" content=\"Wir bieten Ihnen f\u00fcr Ihren Umzug nach M\u00fcnchen komplette Relocation-Pakete mit individuellem Service, um Ihnen den Umzug so einfach wie m\u00f6glich zu gestalten..\" \/>\n<meta name=\"robots\" content=\"index, follow, max-snippet:-1, max-image-preview:large, max-video-preview:-1\" \/>\n<link rel=\"canonical\" href=\"https:\/\/www.munich-relocation.de\/de\/\" \/>\n<meta name=\"twitter:card\" content=\"summary_large_image\" \/>\n<meta name=\"twitter:title\" content=\"Umzug nach M\u00fcnchen? Wir sind Ihr Relocation-Ansprechpartner.\" \/>\n<meta name=\"twitter:description\" content=\"Wir bieten Ihnen f\u00fcr Ihren Umzug nach M\u00fcnchen komplette Relocation-Pakete mit individuellem Service, um Ihnen den Umzug so einfach wie m\u00f6glich zu gestalten..\" \/>\n<meta name=\"twitter:image\" content=\"http:\/\/www.munich-relocation.de\/wp-content\/uploads\/2024\/06\/ehc-redbull-muenchen-300x118.png\" \/>\n<meta name=\"twitter:label1\" content=\"Gesch\u00e4tzte Lesezeit\" \/>\n\t<meta name=\"twitter:data1\" content=\"1\u00a0Minute\" \/>\n<script type=\"application\/ld+json\" class=\"yoast-schema-graph\">{\"@context\":\"https:\/\/schema.org\",\"@graph\":[{\"@type\":\"WebPage\",\"@id\":\"https:\/\/www.munich-relocation.de\/de\/\",\"url\":\"https:\/\/www.munich-relocation.de\/de\/\",\"name\":\"Umzug nach M\u00fcnchen? Wir sind Ihr Relocation-Ansprechpartner.\",\"isPartOf\":{\"@id\":\"https:\/\/www.munich-relocation.de\/de\/#website\"},\"primaryImageOfPage\":{\"@id\":\"https:\/\/www.munich-relocation.de\/de\/#primaryimage\"},\"image\":{\"@id\":\"https:\/\/www.munich-relocation.de\/de\/#primaryimage\"},\"thumbnailUrl\":\"http:\/\/www.munich-relocation.de\/wp-content\/uploads\/2024\/06\/ehc-redbull-muenchen-300x118.png\",\"datePublished\":\"2013-08-16T08:18:22+00:00\",\"dateModified\":\"2024-10-28T11:17:09+00:00\",\"description\":\"Wir bieten Ihnen f\u00fcr Ihren Umzug nach M\u00fcnchen komplette Relocation-Pakete mit individuellem Service, um Ihnen den Umzug so einfach wie m\u00f6glich zu gestalten..\",\"breadcrumb\":{\"@id\":\"https:\/\/www.munich-relocation.de\/de\/#breadcrumb\"},\"inLanguage\":\"de\",\"potentialAction\":[{\"@type\":\"ReadAction\",\"target\":[\"https:\/\/www.munich-relocation.de\/de\/\"]}]},{\"@type\":\"ImageObject\",\"inLanguage\":\"de\",\"@id\":\"https:\/\/www.munich-relocation.de\/de\/#primaryimage\",\"url\":\"http:\/\/www.munich-relocation.de\/wp-content\/uploads\/2024\/06\/ehc-redbull-muenchen-300x118.png\",\"contentUrl\":\"http:\/\/www.munich-relocation.de\/wp-content\/uploads\/2024\/06\/ehc-redbull-muenchen-300x118.png\"},{\"@type\":\"BreadcrumbList\",\"@id\":\"https:\/\/www.munich-relocation.de\/de\/#breadcrumb\",\"itemListElement\":[{\"@type\":\"ListItem\",\"position\":1,\"name\":\"Home\",\"item\":\"https:\/\/www.munich-relocation.de\/de\/\"},{\"@type\":\"ListItem\",\"position\":2,\"name\":\"Startseite\"}]},{\"@type\":\"WebSite\",\"@id\":\"https:\/\/www.munich-relocation.de\/de\/#website\",\"url\":\"https:\/\/www.munich-relocation.de\/de\/\",\"name\":\"Umzug nach M\u00fcnchen - Munich Relocation ist Ihr Ansprechpartner\",\"description\":\"Wir gestalten Ihren Start in M\u00fcnchen ganz individuell und f\u00fcr Sie so angenehm wie m\u00f6glich.\",\"potentialAction\":[{\"@type\":\"SearchAction\",\"target\":{\"@type\":\"EntryPoint\",\"urlTemplate\":\"https:\/\/www.munich-relocation.de\/de\/?s={search_term_string}\"},\"query-input\":\"required name=search_term_string\"}],\"inLanguage\":\"de\"}]}<\/script>\n<!-- \/ Yoast SEO plugin. -->","yoast_head_json":{"title":"Umzug nach M\u00fcnchen? Wir sind Ihr Relocation-Ansprechpartner.","description":"Wir bieten Ihnen f\u00fcr Ihren Umzug nach M\u00fcnchen komplette Relocation-Pakete mit individuellem Service, um Ihnen den Umzug so einfach wie m\u00f6glich zu gestalten..","robots":{"index":"index","follow":"follow","max-snippet":"max-snippet:-1","max-image-preview":"max-image-preview:large","max-video-preview":"max-video-preview:-1"},"canonical":"https:\/\/www.munich-relocation.de\/de\/","twitter_card":"summary_large_image","twitter_title":"Umzug nach M\u00fcnchen? Wir sind Ihr Relocation-Ansprechpartner.","twitter_description":"Wir bieten Ihnen f\u00fcr Ihren Umzug nach M\u00fcnchen komplette Relocation-Pakete mit individuellem Service, um Ihnen den Umzug so einfach wie m\u00f6glich zu gestalten..","twitter_image":"http:\/\/www.munich-relocation.de\/wp-content\/uploads\/2024\/06\/ehc-redbull-muenchen-300x118.png","twitter_misc":{"Gesch\u00e4tzte Lesezeit":"1\u00a0Minute"},"schema":{"@context":"https:\/\/schema.org","@graph":[{"@type":"WebPage","@id":"https:\/\/www.munich-relocation.de\/de\/","url":"https:\/\/www.munich-relocation.de\/de\/","name":"Umzug nach M\u00fcnchen? Wir sind Ihr Relocation-Ansprechpartner.","isPartOf":{"@id":"https:\/\/www.munich-relocation.de\/de\/#website"},"primaryImageOfPage":{"@id":"https:\/\/www.munich-relocation.de\/de\/#primaryimage"},"image":{"@id":"https:\/\/www.munich-relocation.de\/de\/#primaryimage"},"thumbnailUrl":"http:\/\/www.munich-relocation.de\/wp-content\/uploads\/2024\/06\/ehc-redbull-muenchen-300x118.png","datePublished":"2013-08-16T08:18:22+00:00","dateModified":"2024-10-28T11:17:09+00:00","description":"Wir bieten Ihnen f\u00fcr Ihren Umzug nach M\u00fcnchen komplette Relocation-Pakete mit individuellem Service, um Ihnen den Umzug so einfach wie m\u00f6glich zu gestalten..","breadcrumb":{"@id":"https:\/\/www.munich-relocation.de\/de\/#breadcrumb"},"inLanguage":"de","potentialAction":[{"@type":"ReadAction","target":["https:\/\/www.munich-relocation.de\/de\/"]}]},{"@type":"ImageObject","inLanguage":"de","@id":"https:\/\/www.munich-relocation.de\/de\/#primaryimage","url":"http:\/\/www.munich-relocation.de\/wp-content\/uploads\/2024\/06\/ehc-redbull-muenchen-300x118.png","contentUrl":"http:\/\/www.munich-relocation.de\/wp-content\/uploads\/2024\/06\/ehc-redbull-muenchen-300x118.png"},{"@type":"BreadcrumbList","@id":"https:\/\/www.munich-relocation.de\/de\/#breadcrumb","itemListElement":[{"@type":"ListItem","position":1,"name":"Home","item":"https:\/\/www.munich-relocation.de\/de\/"},{"@type":"ListItem","position":2,"name":"Startseite"}]},{"@type":"WebSite","@id":"https:\/\/www.munich-relocation.de\/de\/#website","url":"https:\/\/www.munich-relocation.de\/de\/","name":"Umzug nach M\u00fcnchen - Munich Relocation ist Ihr Ansprechpartner","description":"Wir gestalten Ihren Start in M\u00fcnchen ganz individuell und f\u00fcr Sie so angenehm wie m\u00f6glich.","potentialAction":[{"@type":"SearchAction","target":{"@type":"EntryPoint","urlTemplate":"https:\/\/www.munich-relocation.de\/de\/?s={search_term_string}"},"query-input":"required name=search_term_string"}],"inLanguage":"de"}]}},"_links":{"self":[{"href":"https:\/\/www.munich-relocation.de\/de\/wp-json\/wp\/v2\/pages\/6"}],"collection":[{"href":"https:\/\/www.munich-relocation.de\/de\/wp-json\/wp\/v2\/pages"}],"about":[{"href":"https:\/\/www.munich-relocation.de\/de\/wp-json\/wp\/v2\/types\/page"}],"author":[{"embeddable":true,"href":"https:\/\/www.munich-relocation.de\/de\/wp-json\/wp\/v2\/users\/1"}],"replies":[{"embeddable":true,"href":"https:\/\/www.munich-relocation.de\/de\/wp-json\/wp\/v2\/comments?post=6"}],"version-history":[{"count":13,"href":"https:\/\/www.munich-relocation.de\/de\/wp-json\/wp\/v2\/pages\/6\/revisions"}],"predecessor-version":[{"id":182,"href":"https:\/\/www.munich-relocation.de\/de\/wp-json\/wp\/v2\/pages\/6\/revisions\/182"}],"wp:attachment":[{"href":"https:\/\/www.munich-relocation.de\/de\/wp-json\/wp\/v2\/media?parent=6"}],"curies":[{"name":"wp","href":"https:\/\/api.w.org\/{rel}","templated":true}]}}