{"id":19,"date":"2013-08-16T11:17:16","date_gmt":"2013-08-16T09:17:16","guid":{"rendered":"http:\/\/www.munich-relocation.de\/de\/?page_id=19"},"modified":"2025-09-01T09:34:05","modified_gmt":"2025-09-01T07:34:05","slug":"impressum","status":"publish","type":"page","link":"https:\/\/www.munich-relocation.de\/de\/impressum\/","title":{"rendered":"Impressum"},"content":{"rendered":"<div id=\"headline\">\n<div class=\"linie\"><\/div>\n<h1>Impressum<\/h1>\n<\/div>\n<h2>Angaben gem\u00e4\u00df \u00a7 5 TMG:<\/h2>\n<p>&nbsp;<\/p>\n<p>Petra Strohal<br \/>\nMunich Relocation<br \/>\nHolzstr. 23<br \/>\n82041 Oberhaching<\/p>\n<p>&nbsp;<\/p>\n<h2>Kontakt:<\/h2>\n<p>&nbsp;<\/p>\n<p>Telefon: 0049 \u2013 (0)89 600 199 56<br \/>\nTelefax: 0049 \u2013 (0)89 \u2013 614 656 41<br \/>\nMobile: 0049 \u2013 (0)160 90 24 52 76<br \/>\nE-Mail: info@munich-relocation.de<\/p>\n<p>Umsatzsteuer-Identifikationsnummer gem\u00e4\u00df \u00a727 a Umsatzsteuergesetz:<br \/>\nDE 249 298 189<\/p>\n<p>&nbsp;<\/p>\n<h2>Verbraucher\u00adstreit\u00adbeilegung\/Universal\u00adschlichtungs\u00adstelle<\/h2>\n<p>Wir sind nicht bereit oder verpflichtet, an Streitbeilegungsverfahren vor einer Verbraucherschlichtungsstelle teilzunehmen.<\/p>\n<p>&nbsp;<\/p>\n<h2>Haftung f\u00fcr Inhalte<\/h2>\n<p>&nbsp;<\/p>\n<p>Als Diensteanbieter sind wir gem\u00e4\u00df \u00a7 7 Abs.1 TMG f\u00fcr eigene Inhalte auf diesen Seiten nach den<br \/>\nallgemeinen Gesetzen verantwortlich. Nach \u00a7\u00a7 8 bis 10 TMG sind wir als Diensteanbieter jedoch nicht verpflichtet, \u00fcbermittelte oder gespeicherte fremde Informationen zu \u00fcberwachen oder nach Umst\u00e4nden zu forschen, die auf eine rechtswidrige T\u00e4tigkeit hinweisen.<br \/>\nVerpflichtungen zur Entfernung oder Sperrung der Nutzung von Informationen nach den allgemeinen Gesetzen bleiben hiervon unber\u00fchrt. Eine diesbez\u00fcgliche Haftung ist jedoch erst ab dem Zeitpunkt der Kenntnis einer konkreten Rechtsverletzung m\u00f6glich. Bei Bekanntwerden von entsprechenden Rechtsverletzungen werden wir diese Inhalte umgehend entfernen.<\/p>\n<p>&nbsp;<\/p>\n<h2>Haftung f\u00fcr Links<\/h2>\n<p>&nbsp;<\/p>\n<p>Unser Angebot enth\u00e4lt Links zu externen Websites Dritter, auf deren Inhalte wir keinen Einfluss haben.<br \/>\nDeshalb k\u00f6nnen wir f\u00fcr diese fremden Inhalte auch keine Gew\u00e4hr \u00fcbernehmen. F\u00fcr die Inhalte der verlinkten Seiten ist stets der jeweilige Anbieter oder Betreiber der Seiten verantwortlich. Die verlinkten Seiten wurden zum Zeitpunkt der Verlinkung auf m\u00f6gliche Rechtsverst\u00f6\u00dfe \u00fcberpr\u00fcft. Rechtswidrige Inhalte waren zum Zeitpunkt der Verlinkung nicht erkennbar.<br \/>\nEine permanente inhaltliche Kontrolle der verlinkten Seiten ist jedoch ohne konkrete Anhaltspunkte einer Rechtsverletzung nicht zumutbar. Bei Bekanntwerden von Rechtsverletzungen werden wir derartige Links umgehend entfernen.<\/p>\n<p>&nbsp;<\/p>\n<h2>Urheberrecht<\/h2>\n<p>&nbsp;<\/p>\n<p>Die durch die Seitenbetreiber erstellten Inhalte und Werke auf diesen Seiten unterliegen dem deutschen Urheberrecht. Die Vervielf\u00e4ltigung, Bearbeitung, Verbreitung und jede Art der Verwertung au\u00dferhalb der Grenzen des Urheberrechtes bed\u00fcrfen der schriftlichen Zustimmung des jeweiligen Autors bzw. Erstellers. Downloads und Kopien dieser Seite sind nur f\u00fcr den privaten, nicht kommerziellen Gebrauch gestattet. Soweit die Inhalte auf dieser Seite nicht vom Betreiber erstellt wurden, werden die Urheberrechte Dritter beachtet. Insbesondere werden Inhalte Dritter als solche gekennzeichnet. Sollten Sie trotzdem auf eine Urheberrechtsverletzung aufmerksam werden, bitten wir um einen entsprechenden Hinweis. Bei Bekanntwerden von Rechtsverletzungen werden wir derartige Inhalte umgehend entfernen.<\/p>\n<p>&nbsp;<\/p>\n<p>&nbsp;<\/p>\n<h2>Bildquellen<\/h2>\n<p>&nbsp;<\/p>\n<p>Picture banner: \u00a9 artmim \u2013 Fotolia.com<\/p>\n","protected":false},"excerpt":{"rendered":"<p>Impressum Angaben gem\u00e4\u00df \u00a7 5 TMG: &nbsp; Petra Strohal Munich Relocation Holzstr. 23 82041 Oberhaching &nbsp; Kontakt: &nbsp; Telefon: 0049 \u2013 (0)89 600 199 56 Telefax: 0049 \u2013 (0)89 \u2013 614 656 41 Mobile: 0049 \u2013 (0)160 90 24 52 76 E-Mail: info@munich-relocation.de Umsatzsteuer-Identifikationsnummer gem\u00e4\u00df \u00a727 a Umsatzsteuergesetz: DE 249 298 189 &nbsp; Verbraucher\u00adstreit\u00adbeilegung\/Universal\u00adschlichtungs\u00adstelle Wir [&hellip;]<\/p>\n","protected":false},"author":1,"featured_media":0,"parent":0,"menu_order":0,"comment_status":"open","ping_status":"open","template":"","meta":{"footnotes":""},"class_list":["post-19","page","type-page","status-publish","hentry"],"yoast_head":"<!-- This site is optimized with the Yoast SEO plugin v23.3 - https:\/\/yoast.com\/wordpress\/plugins\/seo\/ -->\n<title>Impressum - Umzug nach M\u00fcnchen - Munich Relocation ist Ihr Ansprechpartner<\/title>\n<meta name=\"robots\" content=\"index, follow, max-snippet:-1, max-image-preview:large, max-video-preview:-1\" \/>\n<link rel=\"canonical\" href=\"https:\/\/www.munich-relocation.de\/de\/impressum\/\" \/>\n<meta name=\"twitter:card\" content=\"summary_large_image\" \/>\n<meta name=\"twitter:title\" content=\"Impressum - Umzug nach M\u00fcnchen - Munich Relocation ist Ihr Ansprechpartner\" \/>\n<meta name=\"twitter:description\" content=\"Impressum Angaben gem\u00e4\u00df \u00a7 5 TMG: &nbsp; Petra Strohal Munich Relocation Holzstr. 23 82041 Oberhaching &nbsp; Kontakt: &nbsp; Telefon: 0049 \u2013 (0)89 600 199 56 Telefax: 0049 \u2013 (0)89 \u2013 614 656 41 Mobile: 0049 \u2013 (0)160 90 24 52 76 E-Mail: info@munich-relocation.de Umsatzsteuer-Identifikationsnummer gem\u00e4\u00df \u00a727 a Umsatzsteuergesetz: DE 249 298 189 &nbsp; Verbraucher\u00adstreit\u00adbeilegung\/Universal\u00adschlichtungs\u00adstelle Wir [&hellip;]\" \/>\n<meta name=\"twitter:label1\" content=\"Gesch\u00e4tzte Lesezeit\" \/>\n\t<meta name=\"twitter:data1\" content=\"2\u00a0Minuten\" \/>\n<script type=\"application\/ld+json\" class=\"yoast-schema-graph\">{\"@context\":\"https:\/\/schema.org\",\"@graph\":[{\"@type\":\"WebPage\",\"@id\":\"https:\/\/www.munich-relocation.de\/de\/impressum\/\",\"url\":\"https:\/\/www.munich-relocation.de\/de\/impressum\/\",\"name\":\"Impressum - Umzug nach M\u00fcnchen - Munich Relocation ist Ihr Ansprechpartner\",\"isPartOf\":{\"@id\":\"https:\/\/www.munich-relocation.de\/de\/#website\"},\"datePublished\":\"2013-08-16T09:17:16+00:00\",\"dateModified\":\"2025-09-01T07:34:05+00:00\",\"breadcrumb\":{\"@id\":\"https:\/\/www.munich-relocation.de\/de\/impressum\/#breadcrumb\"},\"inLanguage\":\"de\",\"potentialAction\":[{\"@type\":\"ReadAction\",\"target\":[\"https:\/\/www.munich-relocation.de\/de\/impressum\/\"]}]},{\"@type\":\"BreadcrumbList\",\"@id\":\"https:\/\/www.munich-relocation.de\/de\/impressum\/#breadcrumb\",\"itemListElement\":[{\"@type\":\"ListItem\",\"position\":1,\"name\":\"Home\",\"item\":\"https:\/\/www.munich-relocation.de\/de\/\"},{\"@type\":\"ListItem\",\"position\":2,\"name\":\"Impressum\"}]},{\"@type\":\"WebSite\",\"@id\":\"https:\/\/www.munich-relocation.de\/de\/#website\",\"url\":\"https:\/\/www.munich-relocation.de\/de\/\",\"name\":\"Umzug nach M\u00fcnchen - Munich Relocation ist Ihr Ansprechpartner\",\"description\":\"Wir gestalten Ihren Start in M\u00fcnchen ganz individuell und f\u00fcr Sie so angenehm wie m\u00f6glich.\",\"potentialAction\":[{\"@type\":\"SearchAction\",\"target\":{\"@type\":\"EntryPoint\",\"urlTemplate\":\"https:\/\/www.munich-relocation.de\/de\/?s={search_term_string}\"},\"query-input\":\"required name=search_term_string\"}],\"inLanguage\":\"de\"}]}<\/script>\n<!-- \/ Yoast SEO plugin. -->","yoast_head_json":{"title":"Impressum - Umzug nach M\u00fcnchen - Munich Relocation ist Ihr Ansprechpartner","robots":{"index":"index","follow":"follow","max-snippet":"max-snippet:-1","max-image-preview":"max-image-preview:large","max-video-preview":"max-video-preview:-1"},"canonical":"https:\/\/www.munich-relocation.de\/de\/impressum\/","twitter_card":"summary_large_image","twitter_title":"Impressum - Umzug nach M\u00fcnchen - Munich Relocation ist Ihr Ansprechpartner","twitter_description":"Impressum Angaben gem\u00e4\u00df \u00a7 5 TMG: &nbsp; Petra Strohal Munich Relocation Holzstr. 23 82041 Oberhaching &nbsp; Kontakt: &nbsp; Telefon: 0049 \u2013 (0)89 600 199 56 Telefax: 0049 \u2013 (0)89 \u2013 614 656 41 Mobile: 0049 \u2013 (0)160 90 24 52 76 E-Mail: info@munich-relocation.de Umsatzsteuer-Identifikationsnummer gem\u00e4\u00df \u00a727 a Umsatzsteuergesetz: DE 249 298 189 &nbsp; Verbraucher\u00adstreit\u00adbeilegung\/Universal\u00adschlichtungs\u00adstelle Wir [&hellip;]","twitter_misc":{"Gesch\u00e4tzte Lesezeit":"2\u00a0Minuten"},"schema":{"@context":"https:\/\/schema.org","@graph":[{"@type":"WebPage","@id":"https:\/\/www.munich-relocation.de\/de\/impressum\/","url":"https:\/\/www.munich-relocation.de\/de\/impressum\/","name":"Impressum - Umzug nach M\u00fcnchen - Munich Relocation ist Ihr Ansprechpartner","isPartOf":{"@id":"https:\/\/www.munich-relocation.de\/de\/#website"},"datePublished":"2013-08-16T09:17:16+00:00","dateModified":"2025-09-01T07:34:05+00:00","breadcrumb":{"@id":"https:\/\/www.munich-relocation.de\/de\/impressum\/#breadcrumb"},"inLanguage":"de","potentialAction":[{"@type":"ReadAction","target":["https:\/\/www.munich-relocation.de\/de\/impressum\/"]}]},{"@type":"BreadcrumbList","@id":"https:\/\/www.munich-relocation.de\/de\/impressum\/#breadcrumb","itemListElement":[{"@type":"ListItem","position":1,"name":"Home","item":"https:\/\/www.munich-relocation.de\/de\/"},{"@type":"ListItem","position":2,"name":"Impressum"}]},{"@type":"WebSite","@id":"https:\/\/www.munich-relocation.de\/de\/#website","url":"https:\/\/www.munich-relocation.de\/de\/","name":"Umzug nach M\u00fcnchen - Munich Relocation ist Ihr Ansprechpartner","description":"Wir gestalten Ihren Start in M\u00fcnchen ganz individuell und f\u00fcr Sie so angenehm wie m\u00f6glich.","potentialAction":[{"@type":"SearchAction","target":{"@type":"EntryPoint","urlTemplate":"https:\/\/www.munich-relocation.de\/de\/?s={search_term_string}"},"query-input":"required name=search_term_string"}],"inLanguage":"de"}]}},"_links":{"self":[{"href":"https:\/\/www.munich-relocation.de\/de\/wp-json\/wp\/v2\/pages\/19"}],"collection":[{"href":"https:\/\/www.munich-relocation.de\/de\/wp-json\/wp\/v2\/pages"}],"about":[{"href":"https:\/\/www.munich-relocation.de\/de\/wp-json\/wp\/v2\/types\/page"}],"author":[{"embeddable":true,"href":"https:\/\/www.munich-relocation.de\/de\/wp-json\/wp\/v2\/users\/1"}],"replies":[{"embeddable":true,"href":"https:\/\/www.munich-relocation.de\/de\/wp-json\/wp\/v2\/comments?post=19"}],"version-history":[{"count":12,"href":"https:\/\/www.munich-relocation.de\/de\/wp-json\/wp\/v2\/pages\/19\/revisions"}],"predecessor-version":[{"id":187,"href":"https:\/\/www.munich-relocation.de\/de\/wp-json\/wp\/v2\/pages\/19\/revisions\/187"}],"wp:attachment":[{"href":"https:\/\/www.munich-relocation.de\/de\/wp-json\/wp\/v2\/media?parent=19"}],"curies":[{"name":"wp","href":"https:\/\/api.w.org\/{rel}","templated":true}]}}