{"id":15,"date":"2013-08-16T11:17:00","date_gmt":"2013-08-16T09:17:00","guid":{"rendered":"http:\/\/www.munich-relocation.de\/de\/?page_id=15"},"modified":"2015-10-28T17:06:31","modified_gmt":"2015-10-28T15:06:31","slug":"links","status":"publish","type":"page","link":"https:\/\/www.munich-relocation.de\/de\/links\/","title":{"rendered":"Links"},"content":{"rendered":"<div id=\"headline\">\n<div class=\"linie\"><\/div>\n<h1>Links<\/h1>\n<\/div>\n<div class=\"teaser\">All wichtigen Informationen auf einen Blick.<\/div>\n<div class=\"group\">\n<div class=\"column-left-s\">\n<h3>M\u00fcnchen Information<\/h3>\n<ul class=\"service\">\n<li><a href=\"http:\/\/www.muenchen.de\/\" target=\"_blank\">www.muenchen.de<\/a><\/li>\n<li><a href=\"http:\/\/www.bayern.de\/\" target=\"_blank\">www.bayern.dev<\/a><\/li>\n<li><a href=\"http:\/\/www.munichx.de\/\" target=\"_blank\">www.munichx.de<\/a><\/li>\n<li><a href=\"http:\/\/www.best-of-munich.com\/\" target=\"_blank\">www.best-of-munich.com<\/a><\/li>\n<\/ul>\n<h3>\u00d6ffentliche Verkehrsmittel<\/h3>\n<ul class=\"service\">\n<li><a href=\"http:\/\/www.mvv-muenchen.de\/\" target=\"_blank\">M\u00fcnchner Verkehrs- und Tarifverbund<\/a><\/li>\n<li><a href=\"http:\/\/www.mvv-muenchen.de\/de\/home\/fahrgastinformation\/mvv-netz\/netzplaene\/schnellbahnnetz\/index.html\" target=\"_blank\">S-Bahn Pl\u00e4ne<\/a><\/li>\n<li><a href=\"http:\/\/www.munich-airport.de\/\" target=\"_blank\">Flughafen<\/a><\/li>\n<li><a href=\"http:\/\/www.bahn.de\/\" target=\"_blank\">Deutsche Bahn<\/a><\/li>\n<li><a href=\"http:\/\/www.autobusoberbayern.de\/\" target=\"_blank\">Busverbindungen<\/a><\/li>\n<li><a href=\"http:\/\/www.falk.de\/\" target=\"_blank\">Routenplan<\/a><\/li>\n<\/ul>\n<h3>Stadtf\u00fchrer<\/h3>\n<ul class=\"service\">\n<li><a href=\"http:\/\/www.spurwechsel-muenchen.de\/\" target=\"_blank\">www.spurwechsel-muenchen.de<\/a><\/li>\n<li><a href=\"http:\/\/www.weisser-stadtvogel.de\/\" target=\"_blank\">www.weisser-stadtvogel.de<\/a><\/li>\n<li><a href=\"http:\/\/www.autobusoberbayern.de\/\" target=\"_blank\">www.autobusoberbayern.de<\/a><\/li>\n<\/ul>\n<\/div>\n<div class=\"column-right-s\">\n<h3>Freizeitbesch\u00e4ftigungen<\/h3>\n<ul class=\"service\">\n<li><a href=\"http:\/\/www.schloesser-bayern.de\/\" target=\"_blank\">Schl\u00f6sser in Bayern<\/a><\/li>\n<li><a href=\"http:\/\/www.swm.de\/privatkunden\/m-baeder\/schwimmen.html\" target=\"_blank\">\u00d6ffentliche B\u00e4der<\/a><\/li>\n<li><a href=\"http:\/\/www.filmstadt.de\/\" target=\"_blank\">Filmstudios<\/a><\/li>\n<li><a href=\"http:\/\/www.munichx.de\/service\/museen.php\" target=\"_blank\">Museen<\/a><\/li>\n<li><a href=\"http:\/\/www.munichx.de\/kinoprogramm\/index.php\" target=\"_blank\">Kino<\/a><\/li>\n<li><a href=\"http:\/\/muenchen.movietown.eu\/\" target=\"_blank\">Museum Lichtspiele<\/a><\/li>\n<li><a href=\"http:\/\/www.cinema-muenchen.de\/\" target=\"_blank\">Kino M\u00fcnchen<\/a><\/li>\n<\/ul>\n<h3>Kinder<\/h3>\n<ul class=\"service\">\n<li><a href=\"http:\/\/www.pomki.de\/\" target=\"_blank\">www.pomki.de<\/a><\/li>\n<li><a href=\"http:\/\/www.kitz-magazin.de\/\" target=\"_blank\">www.kitz-magazin.de<\/a><\/li>\n<li><a href=\"http:\/\/www.paednetz.de\/\" target=\"_blank\">www.paednetz.de<\/a><\/li>\n<\/ul>\n<h3>Serviced Apartments<\/h3>\n<ul class=\"service\">\n<li><a href=\"http:\/\/www.frederics-guide.eu\/\" target=\"_blank\">www.frederics-guide.eu<\/a><\/li>\n<\/ul>\n<\/div>\n<\/div>\n","protected":false},"excerpt":{"rendered":"<p>Links All wichtigen Informationen auf einen Blick. M\u00fcnchen Information www.muenchen.de www.bayern.dev www.munichx.de www.best-of-munich.com \u00d6ffentliche Verkehrsmittel M\u00fcnchner Verkehrs- und Tarifverbund S-Bahn Pl\u00e4ne Flughafen Deutsche Bahn Busverbindungen Routenplan Stadtf\u00fchrer www.spurwechsel-muenchen.de www.weisser-stadtvogel.de www.autobusoberbayern.de Freizeitbesch\u00e4ftigungen Schl\u00f6sser in Bayern \u00d6ffentliche B\u00e4der Filmstudios Museen Kino Museum Lichtspiele Kino M\u00fcnchen Kinder www.pomki.de www.kitz-magazin.de www.paednetz.de Serviced Apartments www.frederics-guide.eu<\/p>\n","protected":false},"author":1,"featured_media":0,"parent":0,"menu_order":0,"comment_status":"open","ping_status":"open","template":"","meta":{"footnotes":""},"class_list":["post-15","page","type-page","status-publish","hentry"],"yoast_head":"<!-- This site is optimized with the Yoast SEO plugin v23.3 - https:\/\/yoast.com\/wordpress\/plugins\/seo\/ -->\n<title>Links - Umzug nach M\u00fcnchen - Munich Relocation ist Ihr Ansprechpartner<\/title>\n<meta name=\"robots\" content=\"index, follow, max-snippet:-1, max-image-preview:large, max-video-preview:-1\" \/>\n<link rel=\"canonical\" href=\"https:\/\/www.munich-relocation.de\/de\/links\/\" \/>\n<meta name=\"twitter:card\" content=\"summary_large_image\" \/>\n<meta name=\"twitter:title\" content=\"Links - Umzug nach M\u00fcnchen - Munich Relocation ist Ihr Ansprechpartner\" \/>\n<meta name=\"twitter:description\" content=\"Links All wichtigen Informationen auf einen Blick. M\u00fcnchen Information www.muenchen.de www.bayern.dev www.munichx.de www.best-of-munich.com \u00d6ffentliche Verkehrsmittel M\u00fcnchner Verkehrs- und Tarifverbund S-Bahn Pl\u00e4ne Flughafen Deutsche Bahn Busverbindungen Routenplan Stadtf\u00fchrer www.spurwechsel-muenchen.de www.weisser-stadtvogel.de www.autobusoberbayern.de Freizeitbesch\u00e4ftigungen Schl\u00f6sser in Bayern \u00d6ffentliche B\u00e4der Filmstudios Museen Kino Museum Lichtspiele Kino M\u00fcnchen Kinder www.pomki.de www.kitz-magazin.de www.paednetz.de Serviced Apartments www.frederics-guide.eu\" \/>\n<script type=\"application\/ld+json\" class=\"yoast-schema-graph\">{\"@context\":\"https:\/\/schema.org\",\"@graph\":[{\"@type\":\"WebPage\",\"@id\":\"https:\/\/www.munich-relocation.de\/de\/links\/\",\"url\":\"https:\/\/www.munich-relocation.de\/de\/links\/\",\"name\":\"Links - Umzug nach M\u00fcnchen - Munich Relocation ist Ihr Ansprechpartner\",\"isPartOf\":{\"@id\":\"https:\/\/www.munich-relocation.de\/de\/#website\"},\"datePublished\":\"2013-08-16T09:17:00+00:00\",\"dateModified\":\"2015-10-28T15:06:31+00:00\",\"breadcrumb\":{\"@id\":\"https:\/\/www.munich-relocation.de\/de\/links\/#breadcrumb\"},\"inLanguage\":\"de\",\"potentialAction\":[{\"@type\":\"ReadAction\",\"target\":[\"https:\/\/www.munich-relocation.de\/de\/links\/\"]}]},{\"@type\":\"BreadcrumbList\",\"@id\":\"https:\/\/www.munich-relocation.de\/de\/links\/#breadcrumb\",\"itemListElement\":[{\"@type\":\"ListItem\",\"position\":1,\"name\":\"Home\",\"item\":\"https:\/\/www.munich-relocation.de\/de\/\"},{\"@type\":\"ListItem\",\"position\":2,\"name\":\"Links\"}]},{\"@type\":\"WebSite\",\"@id\":\"https:\/\/www.munich-relocation.de\/de\/#website\",\"url\":\"https:\/\/www.munich-relocation.de\/de\/\",\"name\":\"Umzug nach M\u00fcnchen - Munich Relocation ist Ihr Ansprechpartner\",\"description\":\"Wir gestalten Ihren Start in M\u00fcnchen ganz individuell und f\u00fcr Sie so angenehm wie m\u00f6glich.\",\"potentialAction\":[{\"@type\":\"SearchAction\",\"target\":{\"@type\":\"EntryPoint\",\"urlTemplate\":\"https:\/\/www.munich-relocation.de\/de\/?s={search_term_string}\"},\"query-input\":\"required name=search_term_string\"}],\"inLanguage\":\"de\"}]}<\/script>\n<!-- \/ Yoast SEO plugin. -->","yoast_head_json":{"title":"Links - Umzug nach M\u00fcnchen - Munich Relocation ist Ihr Ansprechpartner","robots":{"index":"index","follow":"follow","max-snippet":"max-snippet:-1","max-image-preview":"max-image-preview:large","max-video-preview":"max-video-preview:-1"},"canonical":"https:\/\/www.munich-relocation.de\/de\/links\/","twitter_card":"summary_large_image","twitter_title":"Links - Umzug nach M\u00fcnchen - Munich Relocation ist Ihr Ansprechpartner","twitter_description":"Links All wichtigen Informationen auf einen Blick. M\u00fcnchen Information www.muenchen.de www.bayern.dev www.munichx.de www.best-of-munich.com \u00d6ffentliche Verkehrsmittel M\u00fcnchner Verkehrs- und Tarifverbund S-Bahn Pl\u00e4ne Flughafen Deutsche Bahn Busverbindungen Routenplan Stadtf\u00fchrer www.spurwechsel-muenchen.de www.weisser-stadtvogel.de www.autobusoberbayern.de Freizeitbesch\u00e4ftigungen Schl\u00f6sser in Bayern \u00d6ffentliche B\u00e4der Filmstudios Museen Kino Museum Lichtspiele Kino M\u00fcnchen Kinder www.pomki.de www.kitz-magazin.de www.paednetz.de Serviced Apartments www.frederics-guide.eu","schema":{"@context":"https:\/\/schema.org","@graph":[{"@type":"WebPage","@id":"https:\/\/www.munich-relocation.de\/de\/links\/","url":"https:\/\/www.munich-relocation.de\/de\/links\/","name":"Links - Umzug nach M\u00fcnchen - Munich Relocation ist Ihr Ansprechpartner","isPartOf":{"@id":"https:\/\/www.munich-relocation.de\/de\/#website"},"datePublished":"2013-08-16T09:17:00+00:00","dateModified":"2015-10-28T15:06:31+00:00","breadcrumb":{"@id":"https:\/\/www.munich-relocation.de\/de\/links\/#breadcrumb"},"inLanguage":"de","potentialAction":[{"@type":"ReadAction","target":["https:\/\/www.munich-relocation.de\/de\/links\/"]}]},{"@type":"BreadcrumbList","@id":"https:\/\/www.munich-relocation.de\/de\/links\/#breadcrumb","itemListElement":[{"@type":"ListItem","position":1,"name":"Home","item":"https:\/\/www.munich-relocation.de\/de\/"},{"@type":"ListItem","position":2,"name":"Links"}]},{"@type":"WebSite","@id":"https:\/\/www.munich-relocation.de\/de\/#website","url":"https:\/\/www.munich-relocation.de\/de\/","name":"Umzug nach M\u00fcnchen - Munich Relocation ist Ihr Ansprechpartner","description":"Wir gestalten Ihren Start in M\u00fcnchen ganz individuell und f\u00fcr Sie so angenehm wie m\u00f6glich.","potentialAction":[{"@type":"SearchAction","target":{"@type":"EntryPoint","urlTemplate":"https:\/\/www.munich-relocation.de\/de\/?s={search_term_string}"},"query-input":"required name=search_term_string"}],"inLanguage":"de"}]}},"_links":{"self":[{"href":"https:\/\/www.munich-relocation.de\/de\/wp-json\/wp\/v2\/pages\/15"}],"collection":[{"href":"https:\/\/www.munich-relocation.de\/de\/wp-json\/wp\/v2\/pages"}],"about":[{"href":"https:\/\/www.munich-relocation.de\/de\/wp-json\/wp\/v2\/types\/page"}],"author":[{"embeddable":true,"href":"https:\/\/www.munich-relocation.de\/de\/wp-json\/wp\/v2\/users\/1"}],"replies":[{"embeddable":true,"href":"https:\/\/www.munich-relocation.de\/de\/wp-json\/wp\/v2\/comments?post=15"}],"version-history":[{"count":1,"href":"https:\/\/www.munich-relocation.de\/de\/wp-json\/wp\/v2\/pages\/15\/revisions"}],"predecessor-version":[{"id":116,"href":"https:\/\/www.munich-relocation.de\/de\/wp-json\/wp\/v2\/pages\/15\/revisions\/116"}],"wp:attachment":[{"href":"https:\/\/www.munich-relocation.de\/de\/wp-json\/wp\/v2\/media?parent=15"}],"curies":[{"name":"wp","href":"https:\/\/api.w.org\/{rel}","templated":true}]}}