{"id":11,"date":"2013-08-16T10:50:57","date_gmt":"2013-08-16T08:50:57","guid":{"rendered":"http:\/\/www.munich-relocation.de\/de\/?page_id=11"},"modified":"2015-10-28T17:05:45","modified_gmt":"2015-10-28T15:05:45","slug":"vorteile-standortwechsel-relocation","status":"publish","type":"page","link":"https:\/\/www.munich-relocation.de\/de\/vorteile-standortwechsel-relocation\/","title":{"rendered":"Ihre Vorteile"},"content":{"rendered":"<div id=\"headline\">\n<div class=\"linie\"><\/div>\n<h1>Ihre Vorteile<\/h1>\n<\/div>\n<div class=\"teaser\">Leben in M\u00fcnchen ist eine wundervolle Erfahrung! Wir erm\u00f6glichen Ihnen einen unkomplizierten Standortwechsel.<\/div>\n<div class=\"group\">\n<div class=\"column-left\">\n<h3>Vorteile f\u00fcr Arbeitnehmer<\/h3>\n<ul class=\"service\">\n<li>\u00dcberwinden Sie die H\u00fcrden der deutschen B\u00fcrokratie und sparen Sie dementsprechend Zeit.<\/li>\n<li>Entspannen Sie in dieser stressigen Phase dank unserer sorgf\u00e4ltigen Unterst\u00fctzung.<\/li>\n<li>Integrieren Sie sich unkompliziert und effizient in Ihr neues Lebensumfeld.<\/li>\n<li>Nehmen Sie die Herausforderung Ihrer neuen Arbeit und der neuen Aufgaben an, wir sorgen f\u00fcr ein entspanntes \u201eAnkommen\u201c<\/li>\n<\/ul>\n<\/div>\n<div class=\"column-right\">\n<h3>Vorteile f\u00fcr Unternehmen<\/h3>\n<ul class=\"service\">\n<li>Unterst\u00fctzung Ihrer Personalabteilung beim Zuzug und Wegzug.<\/li>\n<li>Sparen Sie Ihrer Firma erhebliche Kosten ein, indem teure Zwischenl\u00f6sungen vermieden werden.<\/li>\n<li>Freuen Sie sich \u00fcber eine verbesserte Produktivit\u00e4t, da Sie sich vollst\u00e4ndig auf Ihre Aufgaben und Arbeit konzentrieren k\u00f6nnen. Um den Rest k\u00fcmmern wir uns!<\/li>\n<\/ul>\n<\/div>\n<\/div>\n","protected":false},"excerpt":{"rendered":"<p>Ihre Vorteile Leben in M\u00fcnchen ist eine wundervolle Erfahrung! Wir erm\u00f6glichen Ihnen einen unkomplizierten Standortwechsel. Vorteile f\u00fcr Arbeitnehmer \u00dcberwinden Sie die H\u00fcrden der deutschen B\u00fcrokratie und sparen Sie dementsprechend Zeit. Entspannen Sie in dieser stressigen Phase dank unserer sorgf\u00e4ltigen Unterst\u00fctzung. Integrieren Sie sich unkompliziert und effizient in Ihr neues Lebensumfeld. Nehmen Sie die Herausforderung Ihrer [&hellip;]<\/p>\n","protected":false},"author":1,"featured_media":0,"parent":0,"menu_order":3,"comment_status":"open","ping_status":"open","template":"","meta":{"footnotes":""},"class_list":["post-11","page","type-page","status-publish","hentry"],"yoast_head":"<!-- This site is optimized with the Yoast SEO plugin v23.3 - https:\/\/yoast.com\/wordpress\/plugins\/seo\/ -->\n<title>Ein unkomplizierter Standortwechsel nach M\u00fcnchen<\/title>\n<meta name=\"description\" content=\"Wir erm\u00f6glichen Ihnen einen schnellen und zeitsparenden Standortwechsel nach M\u00fcnchen.\" \/>\n<meta name=\"robots\" content=\"index, follow, max-snippet:-1, max-image-preview:large, max-video-preview:-1\" \/>\n<link rel=\"canonical\" href=\"https:\/\/www.munich-relocation.de\/de\/vorteile-standortwechsel-relocation\/\" \/>\n<meta name=\"twitter:card\" content=\"summary_large_image\" \/>\n<meta name=\"twitter:title\" content=\"Ein unkomplizierter Standortwechsel nach M\u00fcnchen\" \/>\n<meta name=\"twitter:description\" content=\"Wir erm\u00f6glichen Ihnen einen schnellen und zeitsparenden Standortwechsel nach M\u00fcnchen.\" \/>\n<meta name=\"twitter:label1\" content=\"Gesch\u00e4tzte Lesezeit\" \/>\n\t<meta name=\"twitter:data1\" content=\"1\u00a0Minute\" \/>\n<script type=\"application\/ld+json\" class=\"yoast-schema-graph\">{\"@context\":\"https:\/\/schema.org\",\"@graph\":[{\"@type\":\"WebPage\",\"@id\":\"https:\/\/www.munich-relocation.de\/de\/vorteile-standortwechsel-relocation\/\",\"url\":\"https:\/\/www.munich-relocation.de\/de\/vorteile-standortwechsel-relocation\/\",\"name\":\"Ein unkomplizierter Standortwechsel nach M\u00fcnchen\",\"isPartOf\":{\"@id\":\"https:\/\/www.munich-relocation.de\/de\/#website\"},\"datePublished\":\"2013-08-16T08:50:57+00:00\",\"dateModified\":\"2015-10-28T15:05:45+00:00\",\"description\":\"Wir erm\u00f6glichen Ihnen einen schnellen und zeitsparenden Standortwechsel nach M\u00fcnchen.\",\"breadcrumb\":{\"@id\":\"https:\/\/www.munich-relocation.de\/de\/vorteile-standortwechsel-relocation\/#breadcrumb\"},\"inLanguage\":\"de\",\"potentialAction\":[{\"@type\":\"ReadAction\",\"target\":[\"https:\/\/www.munich-relocation.de\/de\/vorteile-standortwechsel-relocation\/\"]}]},{\"@type\":\"BreadcrumbList\",\"@id\":\"https:\/\/www.munich-relocation.de\/de\/vorteile-standortwechsel-relocation\/#breadcrumb\",\"itemListElement\":[{\"@type\":\"ListItem\",\"position\":1,\"name\":\"Home\",\"item\":\"https:\/\/www.munich-relocation.de\/de\/\"},{\"@type\":\"ListItem\",\"position\":2,\"name\":\"Ihre Vorteile\"}]},{\"@type\":\"WebSite\",\"@id\":\"https:\/\/www.munich-relocation.de\/de\/#website\",\"url\":\"https:\/\/www.munich-relocation.de\/de\/\",\"name\":\"Umzug nach M\u00fcnchen - Munich Relocation ist Ihr Ansprechpartner\",\"description\":\"Wir gestalten Ihren Start in M\u00fcnchen ganz individuell und f\u00fcr Sie so angenehm wie m\u00f6glich.\",\"potentialAction\":[{\"@type\":\"SearchAction\",\"target\":{\"@type\":\"EntryPoint\",\"urlTemplate\":\"https:\/\/www.munich-relocation.de\/de\/?s={search_term_string}\"},\"query-input\":\"required name=search_term_string\"}],\"inLanguage\":\"de\"}]}<\/script>\n<!-- \/ Yoast SEO plugin. -->","yoast_head_json":{"title":"Ein unkomplizierter Standortwechsel nach M\u00fcnchen","description":"Wir erm\u00f6glichen Ihnen einen schnellen und zeitsparenden Standortwechsel nach M\u00fcnchen.","robots":{"index":"index","follow":"follow","max-snippet":"max-snippet:-1","max-image-preview":"max-image-preview:large","max-video-preview":"max-video-preview:-1"},"canonical":"https:\/\/www.munich-relocation.de\/de\/vorteile-standortwechsel-relocation\/","twitter_card":"summary_large_image","twitter_title":"Ein unkomplizierter Standortwechsel nach M\u00fcnchen","twitter_description":"Wir erm\u00f6glichen Ihnen einen schnellen und zeitsparenden Standortwechsel nach M\u00fcnchen.","twitter_misc":{"Gesch\u00e4tzte Lesezeit":"1\u00a0Minute"},"schema":{"@context":"https:\/\/schema.org","@graph":[{"@type":"WebPage","@id":"https:\/\/www.munich-relocation.de\/de\/vorteile-standortwechsel-relocation\/","url":"https:\/\/www.munich-relocation.de\/de\/vorteile-standortwechsel-relocation\/","name":"Ein unkomplizierter Standortwechsel nach M\u00fcnchen","isPartOf":{"@id":"https:\/\/www.munich-relocation.de\/de\/#website"},"datePublished":"2013-08-16T08:50:57+00:00","dateModified":"2015-10-28T15:05:45+00:00","description":"Wir erm\u00f6glichen Ihnen einen schnellen und zeitsparenden Standortwechsel nach M\u00fcnchen.","breadcrumb":{"@id":"https:\/\/www.munich-relocation.de\/de\/vorteile-standortwechsel-relocation\/#breadcrumb"},"inLanguage":"de","potentialAction":[{"@type":"ReadAction","target":["https:\/\/www.munich-relocation.de\/de\/vorteile-standortwechsel-relocation\/"]}]},{"@type":"BreadcrumbList","@id":"https:\/\/www.munich-relocation.de\/de\/vorteile-standortwechsel-relocation\/#breadcrumb","itemListElement":[{"@type":"ListItem","position":1,"name":"Home","item":"https:\/\/www.munich-relocation.de\/de\/"},{"@type":"ListItem","position":2,"name":"Ihre Vorteile"}]},{"@type":"WebSite","@id":"https:\/\/www.munich-relocation.de\/de\/#website","url":"https:\/\/www.munich-relocation.de\/de\/","name":"Umzug nach M\u00fcnchen - Munich Relocation ist Ihr Ansprechpartner","description":"Wir gestalten Ihren Start in M\u00fcnchen ganz individuell und f\u00fcr Sie so angenehm wie m\u00f6glich.","potentialAction":[{"@type":"SearchAction","target":{"@type":"EntryPoint","urlTemplate":"https:\/\/www.munich-relocation.de\/de\/?s={search_term_string}"},"query-input":"required name=search_term_string"}],"inLanguage":"de"}]}},"_links":{"self":[{"href":"https:\/\/www.munich-relocation.de\/de\/wp-json\/wp\/v2\/pages\/11"}],"collection":[{"href":"https:\/\/www.munich-relocation.de\/de\/wp-json\/wp\/v2\/pages"}],"about":[{"href":"https:\/\/www.munich-relocation.de\/de\/wp-json\/wp\/v2\/types\/page"}],"author":[{"embeddable":true,"href":"https:\/\/www.munich-relocation.de\/de\/wp-json\/wp\/v2\/users\/1"}],"replies":[{"embeddable":true,"href":"https:\/\/www.munich-relocation.de\/de\/wp-json\/wp\/v2\/comments?post=11"}],"version-history":[{"count":8,"href":"https:\/\/www.munich-relocation.de\/de\/wp-json\/wp\/v2\/pages\/11\/revisions"}],"predecessor-version":[{"id":115,"href":"https:\/\/www.munich-relocation.de\/de\/wp-json\/wp\/v2\/pages\/11\/revisions\/115"}],"wp:attachment":[{"href":"https:\/\/www.munich-relocation.de\/de\/wp-json\/wp\/v2\/media?parent=11"}],"curies":[{"name":"wp","href":"https:\/\/api.w.org\/{rel}","templated":true}]}}